{"id":102,"date":"2025-12-14T08:12:24","date_gmt":"2025-12-14T07:12:24","guid":{"rendered":"https:\/\/store.coronelca.com\/?post_type=product&#038;p=102"},"modified":"2026-01-26T23:24:31","modified_gmt":"2026-01-26T22:24:31","slug":"el-gavilan-gris","status":"publish","type":"product","link":"https:\/\/coronelca.com\/tienda\/producto\/el-gavilan-gris\/","title":{"rendered":"EL GAVILAN GRIS"},"content":{"rendered":"<p>El <strong data-start=\"3\" data-end=\"19\">Gavil\u00e1n Gris<\/strong> (<em data-start=\"21\" data-end=\"38\">Buteo plagiatus<\/em>), conocido tambi\u00e9n como <em data-start=\"63\" data-end=\"81\">Gavil\u00e1n Caminero<\/em>, es una rapaz de tama\u00f1o mediano muy com\u00fan en tierras bajas y zonas abiertas de Colombia. Tiene un plumaje gris claro uniforme, pecho barrado y una cola con franjas oscuras. Suele posarse en postes o \u00e1rboles bajos desde donde vigila a sus presas, que incluyen peque\u00f1os reptiles, aves y mam\u00edferos. Es \u00e1gil en vuelo y se le puede ver planeando en c\u00edrculos mientras busca alimento.<\/p>\n","protected":false},"excerpt":{"rendered":"<p>OLEO SOBRE LIENZO 40X60<\/p>\n","protected":false},"featured_media":112,"comment_status":"open","ping_status":"closed","template":"","meta":{"site-sidebar-layout":"default","site-content-layout":"","ast-site-content-layout":"default","site-content-style":"default","site-sidebar-style":"default","ast-global-header-display":"","ast-banner-title-visibility":"","ast-main-header-display":"","ast-hfb-above-header-display":"","ast-hfb-below-header-display":"","ast-hfb-mobile-header-display":"","site-post-title":"","ast-breadcrumbs-content":"","ast-featured-img":"","footer-sml-layout":"","ast-disable-related-posts":"","theme-transparent-header-meta":"default","adv-header-id-meta":"","stick-header-meta":"","header-above-stick-meta":"","header-main-stick-meta":"","header-below-stick-meta":"","astra-migrate-meta-layouts":"set","ast-page-background-enabled":"default","ast-page-background-meta":{"desktop":{"background-color":"var(--ast-global-color-5)","background-image":"","background-repeat":"repeat","background-position":"center center","background-size":"auto","background-attachment":"scroll","background-type":"","background-media":"","overlay-type":"","overlay-color":"","overlay-opacity":"","overlay-gradient":""},"tablet":{"background-color":"","background-image":"","background-repeat":"repeat","background-position":"center center","background-size":"auto","background-attachment":"scroll","background-type":"","background-media":"","overlay-type":"","overlay-color":"","overlay-opacity":"","overlay-gradient":""},"mobile":{"background-color":"","background-image":"","background-repeat":"repeat","background-position":"center center","background-size":"auto","background-attachment":"scroll","background-type":"","background-media":"","overlay-type":"","overlay-color":"","overlay-opacity":"","overlay-gradient":""}},"ast-content-background-meta":{"desktop":{"background-color":"var(--ast-global-color-4)","background-image":"","background-repeat":"repeat","background-position":"center center","background-size":"auto","background-attachment":"scroll","background-type":"","background-media":"","overlay-type":"","overlay-color":"","overlay-opacity":"","overlay-gradient":""},"tablet":{"background-color":"var(--ast-global-color-4)","background-image":"","background-repeat":"repeat","background-position":"center center","background-size":"auto","background-attachment":"scroll","background-type":"","background-media":"","overlay-type":"","overlay-color":"","overlay-opacity":"","overlay-gradient":""},"mobile":{"background-color":"var(--ast-global-color-4)","background-image":"","background-repeat":"repeat","background-position":"center center","background-size":"auto","background-attachment":"scroll","background-type":"","background-media":"","overlay-type":"","overlay-color":"","overlay-opacity":"","overlay-gradient":""}}},"product_brand":[],"product_cat":[18,19],"product_tag":[20],"class_list":{"0":"post-102","1":"product","2":"type-product","3":"status-publish","4":"has-post-thumbnail","6":"product_cat-aves","7":"product_cat-oleo-sobre-lienzo","8":"product_tag-oleo-sobre-lienzo","9":"desktop-align-left","10":"tablet-align-left","11":"mobile-align-left","13":"first","14":"instock","15":"sold-individually","16":"shipping-taxable","17":"purchasable","18":"product-type-simple"},"_links":{"self":[{"href":"https:\/\/coronelca.com\/tienda\/wp-json\/wp\/v2\/product\/102","targetHints":{"allow":["GET"]}}],"collection":[{"href":"https:\/\/coronelca.com\/tienda\/wp-json\/wp\/v2\/product"}],"about":[{"href":"https:\/\/coronelca.com\/tienda\/wp-json\/wp\/v2\/types\/product"}],"replies":[{"embeddable":true,"href":"https:\/\/coronelca.com\/tienda\/wp-json\/wp\/v2\/comments?post=102"}],"version-history":[{"count":1,"href":"https:\/\/coronelca.com\/tienda\/wp-json\/wp\/v2\/product\/102\/revisions"}],"predecessor-version":[{"id":396,"href":"https:\/\/coronelca.com\/tienda\/wp-json\/wp\/v2\/product\/102\/revisions\/396"}],"wp:featuredmedia":[{"embeddable":true,"href":"https:\/\/coronelca.com\/tienda\/wp-json\/wp\/v2\/media\/112"}],"wp:attachment":[{"href":"https:\/\/coronelca.com\/tienda\/wp-json\/wp\/v2\/media?parent=102"}],"wp:term":[{"taxonomy":"product_brand","embeddable":true,"href":"https:\/\/coronelca.com\/tienda\/wp-json\/wp\/v2\/product_brand?post=102"},{"taxonomy":"product_cat","embeddable":true,"href":"https:\/\/coronelca.com\/tienda\/wp-json\/wp\/v2\/product_cat?post=102"},{"taxonomy":"product_tag","embeddable":true,"href":"https:\/\/coronelca.com\/tienda\/wp-json\/wp\/v2\/product_tag?post=102"}],"curies":[{"name":"wp","href":"https:\/\/api.w.org\/{rel}","templated":true}]}}