{"id":104,"date":"2025-12-14T08:12:24","date_gmt":"2025-12-14T07:12:24","guid":{"rendered":"https:\/\/store.coronelca.com\/?post_type=product&#038;p=104"},"modified":"2025-12-14T08:12:41","modified_gmt":"2025-12-14T07:12:41","slug":"la-tangara-de-tatama","status":"publish","type":"product","link":"https:\/\/coronelca.com\/tienda\/producto\/la-tangara-de-tatama\/","title":{"rendered":"LA TANGARA DE TATAMA"},"content":{"rendered":"<p data-start=\"0\" data-end=\"211\">La <strong data-start=\"3\" data-end=\"24\">T\u00e1ngara de Tatam\u00e1<\/strong> (<em data-start=\"26\" data-end=\"52\">Anisognathus melanogenys<\/em>) es una especie <strong data-start=\"69\" data-end=\"123\">end\u00e9mica de las monta\u00f1as del occidente de Colombia<\/strong>, especialmente asociada al <strong data-start=\"151\" data-end=\"185\">Parque Nacional Natural Tatam\u00e1<\/strong>, de donde toma su nombre.<\/p>\n<p data-start=\"213\" data-end=\"248\">Es un ave peque\u00f1a y muy colorida:<\/p>\n<ul data-start=\"249\" data-end=\"475\">\n<li data-start=\"249\" data-end=\"308\">\n<p data-start=\"251\" data-end=\"308\">Presenta un <strong data-start=\"263\" data-end=\"280\">azul profundo<\/strong> en gran parte del cuerpo.<\/p>\n<\/li>\n<li data-start=\"309\" data-end=\"352\">\n<p data-start=\"311\" data-end=\"352\">Tiene una <strong data-start=\"321\" data-end=\"338\">m\u00e1scara negra<\/strong> en la cara.<\/p>\n<\/li>\n<li data-start=\"353\" data-end=\"416\">\n<p data-start=\"355\" data-end=\"416\">En la corona luce un <strong data-start=\"376\" data-end=\"398\">amarillo brillante<\/strong> muy distintivo.<\/p>\n<\/li>\n<li data-start=\"417\" data-end=\"475\">\n<p data-start=\"419\" data-end=\"475\">Las alas y el dorso combinan tonos azulados y negruzcos.<\/p>\n<\/li>\n<\/ul>\n<p data-start=\"477\" data-end=\"786\" data-is-last-node=\"\" data-is-only-node=\"\">Habita bosques nublados y bordes de selva en zonas altas, usualmente entre <strong data-start=\"552\" data-end=\"576\">2.000 y 3.500 metros<\/strong>. Suele moverse en bandadas mixtas con otras t\u00e1ngaras, aliment\u00e1ndose de frutos peque\u00f1os, n\u00e9ctar e insectos. Es considerada una especie de inter\u00e9s especial por su <strong data-start=\"738\" data-end=\"766\">distribuci\u00f3n restringida<\/strong> y su belleza \u00fanica.<\/p>\n","protected":false},"excerpt":{"rendered":"<p>OLEO 24X32<\/p>\n","protected":false},"featured_media":114,"comment_status":"open","ping_status":"closed","template":"","meta":{"site-sidebar-layout":"default","site-content-layout":"","ast-site-content-layout":"default","site-content-style":"default","site-sidebar-style":"default","ast-global-header-display":"","ast-banner-title-visibility":"","ast-main-header-display":"","ast-hfb-above-header-display":"","ast-hfb-below-header-display":"","ast-hfb-mobile-header-display":"","site-post-title":"","ast-breadcrumbs-content":"","ast-featured-img":"","footer-sml-layout":"","ast-disable-related-posts":"","theme-transparent-header-meta":"default","adv-header-id-meta":"","stick-header-meta":"","header-above-stick-meta":"","header-main-stick-meta":"","header-below-stick-meta":"","astra-migrate-meta-layouts":"set","ast-page-background-enabled":"default","ast-page-background-meta":{"desktop":{"background-color":"var(--ast-global-color-5)","background-image":"","background-repeat":"repeat","background-position":"center center","background-size":"auto","background-attachment":"scroll","background-type":"","background-media":"","overlay-type":"","overlay-color":"","overlay-opacity":"","overlay-gradient":""},"tablet":{"background-color":"","background-image":"","background-repeat":"repeat","background-position":"center center","background-size":"auto","background-attachment":"scroll","background-type":"","background-media":"","overlay-type":"","overlay-color":"","overlay-opacity":"","overlay-gradient":""},"mobile":{"background-color":"","background-image":"","background-repeat":"repeat","background-position":"center center","background-size":"auto","background-attachment":"scroll","background-type":"","background-media":"","overlay-type":"","overlay-color":"","overlay-opacity":"","overlay-gradient":""}},"ast-content-background-meta":{"desktop":{"background-color":"var(--ast-global-color-4)","background-image":"","background-repeat":"repeat","background-position":"center center","background-size":"auto","background-attachment":"scroll","background-type":"","background-media":"","overlay-type":"","overlay-color":"","overlay-opacity":"","overlay-gradient":""},"tablet":{"background-color":"var(--ast-global-color-4)","background-image":"","background-repeat":"repeat","background-position":"center center","background-size":"auto","background-attachment":"scroll","background-type":"","background-media":"","overlay-type":"","overlay-color":"","overlay-opacity":"","overlay-gradient":""},"mobile":{"background-color":"var(--ast-global-color-4)","background-image":"","background-repeat":"repeat","background-position":"center center","background-size":"auto","background-attachment":"scroll","background-type":"","background-media":"","overlay-type":"","overlay-color":"","overlay-opacity":"","overlay-gradient":""}}},"product_brand":[],"product_cat":[18,19],"product_tag":[20],"class_list":{"0":"post-104","1":"product","2":"type-product","3":"status-publish","4":"has-post-thumbnail","6":"product_cat-aves","7":"product_cat-oleo-sobre-lienzo","8":"product_tag-oleo-sobre-lienzo","9":"desktop-align-left","10":"tablet-align-left","11":"mobile-align-left","13":"first","14":"instock","15":"sold-individually","16":"shipping-taxable","17":"purchasable","18":"product-type-simple"},"_links":{"self":[{"href":"https:\/\/coronelca.com\/tienda\/wp-json\/wp\/v2\/product\/104","targetHints":{"allow":["GET"]}}],"collection":[{"href":"https:\/\/coronelca.com\/tienda\/wp-json\/wp\/v2\/product"}],"about":[{"href":"https:\/\/coronelca.com\/tienda\/wp-json\/wp\/v2\/types\/product"}],"replies":[{"embeddable":true,"href":"https:\/\/coronelca.com\/tienda\/wp-json\/wp\/v2\/comments?post=104"}],"version-history":[{"count":0,"href":"https:\/\/coronelca.com\/tienda\/wp-json\/wp\/v2\/product\/104\/revisions"}],"wp:featuredmedia":[{"embeddable":true,"href":"https:\/\/coronelca.com\/tienda\/wp-json\/wp\/v2\/media\/114"}],"wp:attachment":[{"href":"https:\/\/coronelca.com\/tienda\/wp-json\/wp\/v2\/media?parent=104"}],"wp:term":[{"taxonomy":"product_brand","embeddable":true,"href":"https:\/\/coronelca.com\/tienda\/wp-json\/wp\/v2\/product_brand?post=104"},{"taxonomy":"product_cat","embeddable":true,"href":"https:\/\/coronelca.com\/tienda\/wp-json\/wp\/v2\/product_cat?post=104"},{"taxonomy":"product_tag","embeddable":true,"href":"https:\/\/coronelca.com\/tienda\/wp-json\/wp\/v2\/product_tag?post=104"}],"curies":[{"name":"wp","href":"https:\/\/api.w.org\/{rel}","templated":true}]}}