{"id":107,"date":"2025-12-14T08:12:24","date_gmt":"2025-12-14T07:12:24","guid":{"rendered":"https:\/\/store.coronelca.com\/?post_type=product&#038;p=107"},"modified":"2025-12-14T08:13:03","modified_gmt":"2025-12-14T07:13:03","slug":"el-turpial-montanero","status":"publish","type":"product","link":"https:\/\/coronelca.com\/tienda\/producto\/el-turpial-montanero\/","title":{"rendered":"EL TURPIAL MONTA\u00d1ERO"},"content":{"rendered":"<p data-start=\"0\" data-end=\"258\">El <strong data-start=\"3\" data-end=\"24\">Turpial Monta\u00f1ero<\/strong> (<em data-start=\"26\" data-end=\"45\">Icterus chrysater<\/em>) es un icterio muy vistoso que habita las <strong data-start=\"88\" data-end=\"125\">monta\u00f1as de los Andes colombianos<\/strong>, especialmente en bosques h\u00famedos, bordes de selva y \u00e1reas abiertas arboladas, usualmente entre <strong data-start=\"222\" data-end=\"246\">1.000 y 2.500 metros<\/strong> de altitud.<\/p>\n<p data-start=\"260\" data-end=\"294\"><strong data-start=\"260\" data-end=\"292\">Caracter\u00edsticas principales:<\/strong><\/p>\n<ul data-start=\"295\" data-end=\"597\">\n<li data-start=\"295\" data-end=\"369\">\n<p data-start=\"297\" data-end=\"369\">Presenta un <strong data-start=\"309\" data-end=\"337\">plumaje amarillo intenso<\/strong> en la mayor parte del cuerpo.<\/p>\n<\/li>\n<li data-start=\"370\" data-end=\"456\">\n<p data-start=\"372\" data-end=\"456\">La <strong data-start=\"375\" data-end=\"419\">cabeza, garganta, alas y cola son negras<\/strong>, creando un contraste muy marcado.<\/p>\n<\/li>\n<li data-start=\"457\" data-end=\"530\">\n<p data-start=\"459\" data-end=\"530\">En las alas suele mostrar peque\u00f1as manchas blancas visibles en vuelo.<\/p>\n<\/li>\n<li data-start=\"531\" data-end=\"597\">\n<p data-start=\"533\" data-end=\"597\">Es de tama\u00f1o mediano y con un canto melodioso, variado y fuerte.<\/p>\n<\/li>\n<\/ul>\n<p data-start=\"599\" data-end=\"620\"><strong data-start=\"599\" data-end=\"618\">Comportamiento:<\/strong><\/p>\n<ul data-start=\"621\" data-end=\"813\">\n<li data-start=\"621\" data-end=\"670\">\n<p data-start=\"623\" data-end=\"670\">Se alimenta de <strong data-start=\"638\" data-end=\"667\">frutos, insectos y n\u00e9ctar<\/strong>.<\/p>\n<\/li>\n<li data-start=\"671\" data-end=\"724\">\n<p data-start=\"673\" data-end=\"724\">Se mueve en parejas o peque\u00f1os grupos familiares.<\/p>\n<\/li>\n<li data-start=\"725\" data-end=\"813\">\n<p data-start=\"727\" data-end=\"813\">Suele ser activo y visible, perch\u00e1ndose en ramas expuestas donde canta con frecuencia.<\/p>\n<\/li>\n<\/ul>\n<p data-start=\"815\" data-end=\"954\" data-is-last-node=\"\" data-is-only-node=\"\">Es un ave emblem\u00e1tica de los bosques andinos y una de las especies de turpiales m\u00e1s f\u00e1ciles de observar en regiones monta\u00f1osas de Colombia.<\/p>\n","protected":false},"excerpt":{"rendered":"<p>ACUARELA 24X35<\/p>\n","protected":false},"featured_media":117,"comment_status":"open","ping_status":"closed","template":"","meta":{"site-sidebar-layout":"default","site-content-layout":"","ast-site-content-layout":"default","site-content-style":"default","site-sidebar-style":"default","ast-global-header-display":"","ast-banner-title-visibility":"","ast-main-header-display":"","ast-hfb-above-header-display":"","ast-hfb-below-header-display":"","ast-hfb-mobile-header-display":"","site-post-title":"","ast-breadcrumbs-content":"","ast-featured-img":"","footer-sml-layout":"","ast-disable-related-posts":"","theme-transparent-header-meta":"default","adv-header-id-meta":"","stick-header-meta":"","header-above-stick-meta":"","header-main-stick-meta":"","header-below-stick-meta":"","astra-migrate-meta-layouts":"set","ast-page-background-enabled":"default","ast-page-background-meta":{"desktop":{"background-color":"var(--ast-global-color-5)","background-image":"","background-repeat":"repeat","background-position":"center center","background-size":"auto","background-attachment":"scroll","background-type":"","background-media":"","overlay-type":"","overlay-color":"","overlay-opacity":"","overlay-gradient":""},"tablet":{"background-color":"","background-image":"","background-repeat":"repeat","background-position":"center center","background-size":"auto","background-attachment":"scroll","background-type":"","background-media":"","overlay-type":"","overlay-color":"","overlay-opacity":"","overlay-gradient":""},"mobile":{"background-color":"","background-image":"","background-repeat":"repeat","background-position":"center center","background-size":"auto","background-attachment":"scroll","background-type":"","background-media":"","overlay-type":"","overlay-color":"","overlay-opacity":"","overlay-gradient":""}},"ast-content-background-meta":{"desktop":{"background-color":"var(--ast-global-color-4)","background-image":"","background-repeat":"repeat","background-position":"center center","background-size":"auto","background-attachment":"scroll","background-type":"","background-media":"","overlay-type":"","overlay-color":"","overlay-opacity":"","overlay-gradient":""},"tablet":{"background-color":"var(--ast-global-color-4)","background-image":"","background-repeat":"repeat","background-position":"center center","background-size":"auto","background-attachment":"scroll","background-type":"","background-media":"","overlay-type":"","overlay-color":"","overlay-opacity":"","overlay-gradient":""},"mobile":{"background-color":"var(--ast-global-color-4)","background-image":"","background-repeat":"repeat","background-position":"center center","background-size":"auto","background-attachment":"scroll","background-type":"","background-media":"","overlay-type":"","overlay-color":"","overlay-opacity":"","overlay-gradient":""}}},"product_brand":[],"product_cat":[21,18],"product_tag":[22],"class_list":{"0":"post-107","1":"product","2":"type-product","3":"status-publish","4":"has-post-thumbnail","6":"product_cat-acuarela","7":"product_cat-aves","8":"product_tag-acuarela","9":"desktop-align-left","10":"tablet-align-left","11":"mobile-align-left","13":"first","14":"instock","15":"sold-individually","16":"shipping-taxable","17":"purchasable","18":"product-type-simple"},"_links":{"self":[{"href":"https:\/\/coronelca.com\/tienda\/wp-json\/wp\/v2\/product\/107","targetHints":{"allow":["GET"]}}],"collection":[{"href":"https:\/\/coronelca.com\/tienda\/wp-json\/wp\/v2\/product"}],"about":[{"href":"https:\/\/coronelca.com\/tienda\/wp-json\/wp\/v2\/types\/product"}],"replies":[{"embeddable":true,"href":"https:\/\/coronelca.com\/tienda\/wp-json\/wp\/v2\/comments?post=107"}],"version-history":[{"count":0,"href":"https:\/\/coronelca.com\/tienda\/wp-json\/wp\/v2\/product\/107\/revisions"}],"wp:featuredmedia":[{"embeddable":true,"href":"https:\/\/coronelca.com\/tienda\/wp-json\/wp\/v2\/media\/117"}],"wp:attachment":[{"href":"https:\/\/coronelca.com\/tienda\/wp-json\/wp\/v2\/media?parent=107"}],"wp:term":[{"taxonomy":"product_brand","embeddable":true,"href":"https:\/\/coronelca.com\/tienda\/wp-json\/wp\/v2\/product_brand?post=107"},{"taxonomy":"product_cat","embeddable":true,"href":"https:\/\/coronelca.com\/tienda\/wp-json\/wp\/v2\/product_cat?post=107"},{"taxonomy":"product_tag","embeddable":true,"href":"https:\/\/coronelca.com\/tienda\/wp-json\/wp\/v2\/product_tag?post=107"}],"curies":[{"name":"wp","href":"https:\/\/api.w.org\/{rel}","templated":true}]}}